{"id":12,"date":"2018-12-10T10:03:06","date_gmt":"2018-12-10T09:03:06","guid":{"rendered":"http:\/\/www.igakk.de\/?page_id=12"},"modified":"2021-07-03T09:12:52","modified_gmt":"2021-07-03T07:12:52","slug":"ueber-mich","status":"publish","type":"page","link":"https:\/\/www.igakk.de\/","title":{"rendered":"\u00dcber uns"},"content":{"rendered":"<p>Die IGAKK ist eine Gemeinschaft mit Interesse an verschiedenen Kampfk\u00fcnsten.<br>Geleitet wird die Gemeinschaft vom Gr\u00fcnder Hanshi Frank Weber (DAN-Graduierung in Shotokan Karate, SPK AJL, Aikido, Judo)<\/p>\n<p>Die IGAKK ist Mitglied der <a href=\"https:\/\/ryukyukai.com\/\" target=\"_blank\" rel=\"noopener noreferrer\">International Ryukyukai Martial Arts Association<\/a>, dessen Vorstand Hanshi Weber angeh\u00f6rt als &#8222;Director of international Grading&#8220;.<\/p>\n<p>Einer der Schwerpunkte der IGAKK liegt im gemeinsamen Praktizieren und Vertiefen des traditionellen Shotokan-Karate mit den drei S\u00e4ulen des Kihon, Kumite und der Kata.<br>Dar\u00fcber hinaus wird in der IGAKK auch Wert gelegt auf Bunkai und auf Goshin, der pers\u00f6nlichen Selbstverteidigung mit Hilfe von Karate-Techniken.<\/p>\n<p>Der Gedanke der Selbstverteidigung hat dazu gef\u00fchrt, sich mit SPK der <a href=\"http:\/\/www.academielevinet.com\" target=\"_blank\" rel=\"noopener noreferrer\">Academie Jacques Levinet<\/a> auseinanderzusetzen.&nbsp;<br>Hier ist es m\u00f6glich, Menschen ohne vorherige Kenntnisse der Kampk\u00fcnste die Praxis der SV n\u00e4her zu bringen.<\/p>\n\n\n<figure class=\"wp-block-image size-large is-resized\"><img loading=\"lazy\" decoding=\"async\" src=\"http:\/\/www.igakk.de\/wp-content\/uploads\/2021\/07\/LogoIGAKK02000-1024x1024.png\" alt=\"\" class=\"wp-image-132\" width=\"674\" height=\"674\" srcset=\"https:\/\/www.igakk.de\/wp-content\/uploads\/2021\/07\/LogoIGAKK02000-1024x1024.png 1024w, https:\/\/www.igakk.de\/wp-content\/uploads\/2021\/07\/LogoIGAKK02000-300x300.png 300w, https:\/\/www.igakk.de\/wp-content\/uploads\/2021\/07\/LogoIGAKK02000-150x150.png 150w, https:\/\/www.igakk.de\/wp-content\/uploads\/2021\/07\/LogoIGAKK02000-768x768.png 768w, https:\/\/www.igakk.de\/wp-content\/uploads\/2021\/07\/LogoIGAKK02000-1536x1536.png 1536w, https:\/\/www.igakk.de\/wp-content\/uploads\/2021\/07\/LogoIGAKK02000-100x100.png 100w, https:\/\/www.igakk.de\/wp-content\/uploads\/2021\/07\/LogoIGAKK02000.png 2000w\" sizes=\"auto, (max-width: 674px) 100vw, 674px\" \/><\/figure>\n","protected":false},"excerpt":{"rendered":"<p>Die IGAKK ist eine Gemeinschaft mit Interesse an verschiedenen Kampfk\u00fcnsten.Geleitet wird die Gemeinschaft vom Gr\u00fcnder Hanshi Frank Weber (DAN-Graduierung in Shotokan Karate, SPK AJL, Aikido, Judo) Die IGAKK ist Mitglied der International Ryukyukai Martial Arts Association, dessen Vorstand Hanshi Weber angeh\u00f6rt als &#8222;Director of international Grading&#8220;. Einer der Schwerpunkte der IGAKK liegt im gemeinsamen Praktizieren &hellip; <\/p>\n<p class=\"link-more\"><a href=\"https:\/\/www.igakk.de\/\" class=\"more-link\"><span class=\"screen-reader-text\">\u201e\u00dcber uns\u201c <\/span>weiterlesen<\/a><\/p>\n","protected":false},"author":1,"featured_media":0,"parent":0,"menu_order":1,"comment_status":"closed","ping_status":"closed","template":"","meta":{"footnotes":""},"class_list":["post-12","page","type-page","status-publish","hentry"],"_links":{"self":[{"href":"https:\/\/www.igakk.de\/index.php?rest_route=\/wp\/v2\/pages\/12","targetHints":{"allow":["GET"]}}],"collection":[{"href":"https:\/\/www.igakk.de\/index.php?rest_route=\/wp\/v2\/pages"}],"about":[{"href":"https:\/\/www.igakk.de\/index.php?rest_route=\/wp\/v2\/types\/page"}],"author":[{"embeddable":true,"href":"https:\/\/www.igakk.de\/index.php?rest_route=\/wp\/v2\/users\/1"}],"replies":[{"embeddable":true,"href":"https:\/\/www.igakk.de\/index.php?rest_route=%2Fwp%2Fv2%2Fcomments&post=12"}],"version-history":[{"count":17,"href":"https:\/\/www.igakk.de\/index.php?rest_route=\/wp\/v2\/pages\/12\/revisions"}],"predecessor-version":[{"id":133,"href":"https:\/\/www.igakk.de\/index.php?rest_route=\/wp\/v2\/pages\/12\/revisions\/133"}],"wp:attachment":[{"href":"https:\/\/www.igakk.de\/index.php?rest_route=%2Fwp%2Fv2%2Fmedia&parent=12"}],"curies":[{"name":"wp","href":"https:\/\/api.w.org\/{rel}","templated":true}]}}